{"id":14,"date":"2022-06-25T19:41:47","date_gmt":"2022-06-25T17:41:47","guid":{"rendered":"https:\/\/wpdev.tronikdsign.de\/?page_id=14"},"modified":"2023-12-20T08:28:26","modified_gmt":"2023-12-20T07:28:26","slug":"home","status":"publish","type":"page","link":"https:\/\/www.tronikdsign.de\/","title":{"rendered":"Herzlich Willkommen."},"content":{"rendered":"\n\n\n<style type=\"text\/css\" data-created_by=\"avia_inline_auto\" id=\"style-css-av-len77s8h-2f1d7a794d332a22e751feca3e686ee2\">\n#top .hr.hr-invisible.av-len77s8h-2f1d7a794d332a22e751feca3e686ee2{\nheight:50px;\n}\n<\/style>\n<div  class='hr av-len77s8h-2f1d7a794d332a22e751feca3e686ee2 hr-invisible  avia-builder-el-2  el_after_av_codeblock  el_before_av_one_full '><span class='hr-inner '><span class=\"hr-inner-style\"><\/span><\/span><\/div>\n\n<style type=\"text\/css\" data-created_by=\"avia_inline_auto\" id=\"style-css-av-lemlbqz0-8c4fb8c39161084c2e022e59f52e4dff\">\n.avia_transform .flex_column.av-lemlbqz0-8c4fb8c39161084c2e022e59f52e4dff{\nanimation-duration:1.5s;\n}\n<\/style>\n<div  class='flex_column av-lemlbqz0-8c4fb8c39161084c2e022e59f52e4dff av_one_full  avia-builder-el-3  el_after_av_hr  el_before_av_one_fifth  first flex_column_div av-animated-generic left-to-right  '     ><section  class='av_textblock_section av-lemlb0ui-b80a0ce9c8546cd9f93a9dddccc9b51e '   itemscope=\"itemscope\" itemtype=\"https:\/\/schema.org\/CreativeWork\" ><div class='avia_textblock'  itemprop=\"text\" ><h1 class=\"elementor-heading-title elementor-size-default\">WARUM TRONIKDSIGN?<br \/>\nWARUM MIT TRONIKDSIGN?<\/h1>\n<\/div><\/section><\/div>\n\n<style type=\"text\/css\" data-created_by=\"avia_inline_auto\" id=\"style-css-av-d1xg6-d2b917eb9056f87e7b3136ca48289417\">\n.avia_transform .flex_column.av-d1xg6-d2b917eb9056f87e7b3136ca48289417{\nanimation-duration:1.5s;\n}\n<\/style>\n<div  class='flex_column av-d1xg6-d2b917eb9056f87e7b3136ca48289417 av_one_fifth  avia-builder-el-5  el_after_av_one_full  el_before_av_two_third  first flex_column_div av-animated-generic left-to-right  column-top-margin'     ><\/div>\n\n<style type=\"text\/css\" data-created_by=\"avia_inline_auto\" id=\"style-css-av-c2faa-7c72b57613191106aa51559c6219e512\">\n.avia_transform .flex_column.av-c2faa-7c72b57613191106aa51559c6219e512{\nanimation-duration:1.5s;\n}\n<\/style>\n<div  class='flex_column av-c2faa-7c72b57613191106aa51559c6219e512 av_two_third  avia-builder-el-6  el_after_av_one_fifth  el_before_av_one_full  flex_column_div av-animated-generic left-to-right  column-top-margin'     ><p>\n<style type=\"text\/css\" data-created_by=\"avia_inline_auto\" id=\"style-css-av-lemldlqc-166cb70a90bbabe71259426f6ab4faa5\">\n#top .hr.av-lemldlqc-166cb70a90bbabe71259426f6ab4faa5{\nmargin-top:0px;\nmargin-bottom:30px;\n}\n.hr.av-lemldlqc-166cb70a90bbabe71259426f6ab4faa5 .hr-inner{\nwidth:250px;\nborder-color:#67a800;\n}\n<\/style>\n<div  class='hr av-lemldlqc-166cb70a90bbabe71259426f6ab4faa5 hr-custom  avia-builder-el-7  el_before_av_textblock  avia-builder-el-first  hr-left hr-icon-no'><span class='hr-inner inner-border-av-border-fat'><span class=\"hr-inner-style\"><\/span><\/span><\/div><br \/>\n<section  class='av_textblock_section av-lemlfxfe-bb3048acf7fb93100a112b53a2f0f61e '   itemscope=\"itemscope\" itemtype=\"https:\/\/schema.org\/CreativeWork\" ><div class='avia_textblock'  itemprop=\"text\" ><p>F\u00fcr uns sind dies zwei elementare Fragen, mit denen wir uns intensiv auseinandersetzen. Unser t\u00e4gliches Tun ist darauf ausgerichtet, langfristige L\u00f6sungen umzusetzen und nachhaltige Kundenbeziehungen zu pflegen.<\/p>\n<\/div><\/section><\/p><\/div>\n\n<style type=\"text\/css\" data-created_by=\"avia_inline_auto\" id=\"style-css-av-boiz6-21a9fa369eefc81a8b05d5d1d25b1fb0\">\n.avia_transform .flex_column.av-boiz6-21a9fa369eefc81a8b05d5d1d25b1fb0{\nanimation-duration:1.5s;\n}\n<\/style>\n<div  class='flex_column av-boiz6-21a9fa369eefc81a8b05d5d1d25b1fb0 av_one_full  avia-builder-el-9  el_after_av_two_third  el_before_av_one_fifth  first flex_column_div av-animated-generic left-to-right  column-top-margin'     ><div  class='avia-slideshow av-lemll8d2-80f0d344d91422c35488f812b0e8b7ce avia-slideshow-featured av_slideshow avia-fade-slider  avia-builder-el-10  avia-builder-el-no-sibling  av-slideshow-ui av-control-hidden av-no-slider-navigation av-hide-nav-arrows av-slideshow-autoplay av-loop-endless av-loop-manual-endless av-default-height-applied avia-slideshow-1' data-slideshow-options=\"{&quot;animation&quot;:&quot;fade&quot;,&quot;autoplay&quot;:true,&quot;loop_autoplay&quot;:&quot;endless&quot;,&quot;interval&quot;:5,&quot;loop_manual&quot;:&quot;manual-endless&quot;,&quot;autoplay_stopper&quot;:false,&quot;noNavigation&quot;:true,&quot;bg_slider&quot;:false,&quot;keep_padding&quot;:false,&quot;hoverpause&quot;:false,&quot;show_slide_delay&quot;:0}\"  itemprop=\"image\" itemscope=\"itemscope\" itemtype=\"https:\/\/schema.org\/ImageObject\" ><ul class='avia-slideshow-inner ' style='padding-bottom: 28.666666666667%;'><li  class='avia-slideshow-slide av-lemll8d2-80f0d344d91422c35488f812b0e8b7ce__0  slide-1 slide-odd'><div data-rel='slideshow-1' class='avia-slide-wrap '   ><img decoding=\"async\" fetchpriority=\"high\" class=\"wp-image-199 avia-img-lazy-loading-not-199\"  src=\"https:\/\/i0.wp.com\/www.tronikdsign.de\/wp-content\/uploads\/2022\/07\/TronikDsign_Hover1.jpg?resize=1500%2C430&ssl=1\" width=\"1500\" height=\"430\" title='TronikDsign_Hover1' alt=''  itemprop=\"thumbnailUrl\"   \/><\/div><\/li><li  class='avia-slideshow-slide av-lemll8d2-80f0d344d91422c35488f812b0e8b7ce__1  slide-2 slide-even'><div data-rel='slideshow-1' class='avia-slide-wrap '   ><img decoding=\"async\" fetchpriority=\"high\" class=\"wp-image-200 avia-img-lazy-loading-not-200\"  src=\"https:\/\/i0.wp.com\/www.tronikdsign.de\/wp-content\/uploads\/2022\/07\/TronikDsign_Hover2.jpg?resize=1500%2C430&ssl=1\" width=\"1500\" height=\"430\" title='TronikDsign_Hover2' alt=''  itemprop=\"thumbnailUrl\"   \/><\/div><\/li><\/ul><div class='avia-slideshow-arrows avia-slideshow-controls' ><a href='#prev' class='prev-slide  avia-svg-icon avia-font-svg_entypo-fontello' data-av_svg_icon='left-open-big' data-av_iconset='svg_entypo-fontello' tabindex='-1' title=\"Zur\u00fcck\"><svg version=\"1.1\" xmlns=\"http:\/\/www.w3.org\/2000\/svg\" width=\"15\" height=\"32\" viewBox=\"0 0 15 32\" preserveAspectRatio=\"xMidYMid meet\" aria-labelledby='av-svg-title-1' aria-describedby='av-svg-desc-1' role=\"graphics-symbol\" aria-hidden=\"true\">\n<title id='av-svg-title-1'>Zur\u00fcck<\/title>\n<desc id='av-svg-desc-1'>Zur\u00fcck<\/desc>\n<path d=\"M14.464 27.84q0.832 0.832 0 1.536-0.832 0.832-1.536 0l-12.544-12.608q-0.768-0.768 0-1.6l12.544-12.608q0.704-0.832 1.536 0 0.832 0.704 0 1.536l-11.456 11.904z\"><\/path>\n<\/svg><span class='avia_hidden_link_text'>Zur\u00fcck<\/span><\/a><a href='#next' class='next-slide  avia-svg-icon avia-font-svg_entypo-fontello' data-av_svg_icon='right-open-big' data-av_iconset='svg_entypo-fontello' tabindex='-1' title=\"Weiter\"><svg version=\"1.1\" xmlns=\"http:\/\/www.w3.org\/2000\/svg\" width=\"15\" height=\"32\" viewBox=\"0 0 15 32\" preserveAspectRatio=\"xMidYMid meet\" aria-labelledby='av-svg-title-2' aria-describedby='av-svg-desc-2' role=\"graphics-symbol\" aria-hidden=\"true\">\n<title id='av-svg-title-2'>Weiter<\/title>\n<desc id='av-svg-desc-2'>Weiter<\/desc>\n<path d=\"M0.416 27.84l11.456-11.84-11.456-11.904q-0.832-0.832 0-1.536 0.832-0.832 1.536 0l12.544 12.608q0.768 0.832 0 1.6l-12.544 12.608q-0.704 0.832-1.536 0-0.832-0.704 0-1.536z\"><\/path>\n<\/svg><span class='avia_hidden_link_text'>Weiter<\/span><\/a><\/div><\/div><\/div>\n\n<style type=\"text\/css\" data-created_by=\"avia_inline_auto\" id=\"style-css-av-9pvx6-919143b4c0a532c483d6a192d2f52498\">\n.avia_transform .flex_column.av-9pvx6-919143b4c0a532c483d6a192d2f52498{\nanimation-duration:1.5s;\n}\n<\/style>\n<div  class='flex_column av-9pvx6-919143b4c0a532c483d6a192d2f52498 av_one_fifth  avia-builder-el-11  el_after_av_one_full  el_before_av_two_third  first flex_column_div av-animated-generic left-to-right  column-top-margin'     ><\/div>\n\n<style type=\"text\/css\" data-created_by=\"avia_inline_auto\" id=\"style-css-av-9ayni-e963b0b0da6f04386a112ab4444a7e16\">\n.avia_transform .flex_column.av-9ayni-e963b0b0da6f04386a112ab4444a7e16{\nanimation-duration:1.5s;\n}\n<\/style>\n<div  class='flex_column av-9ayni-e963b0b0da6f04386a112ab4444a7e16 av_two_third  avia-builder-el-12  el_after_av_one_fifth  el_before_av_hr  flex_column_div av-animated-generic left-to-right  column-top-margin'     ><section  class='av_textblock_section av-lemltbzt-a23a9209de78e240eac6c52153e3df7a '   itemscope=\"itemscope\" itemtype=\"https:\/\/schema.org\/CreativeWork\" ><div class='avia_textblock'  itemprop=\"text\" ><h2>Unser Kernziel bei tronikDsign<\/h2>\n<\/div><\/section><br \/>\n\n<style type=\"text\/css\" data-created_by=\"avia_inline_auto\" id=\"style-css-av-8nhtm-4467d90ce4b20be12a66f6c7074a70dc\">\n#top .hr.av-8nhtm-4467d90ce4b20be12a66f6c7074a70dc{\nmargin-top:30px;\nmargin-bottom:30px;\n}\n.hr.av-8nhtm-4467d90ce4b20be12a66f6c7074a70dc .hr-inner{\nwidth:250px;\nborder-color:#67a800;\n}\n<\/style>\n<div  class='hr av-8nhtm-4467d90ce4b20be12a66f6c7074a70dc hr-custom  avia-builder-el-14  el_after_av_textblock  el_before_av_textblock  hr-left hr-icon-no'><span class='hr-inner inner-border-av-border-fat'><span class=\"hr-inner-style\"><\/span><\/span><\/div><br \/>\n<section  class='av_textblock_section av-lemlu359-347d5e56f59793117b7655c4ce3f38e6 '   itemscope=\"itemscope\" itemtype=\"https:\/\/schema.org\/CreativeWork\" ><div class='avia_textblock'  itemprop=\"text\" ><p class=\"p1\"><span class=\"s1\">\u201eDurch kreative Mitarbeiter entwickelt Tronikdsign hochwertige und individuelle L\u00f6sungen. <span class=\"x_s1\">Eine ganzheitliche Betrachtung <\/span>erm\u00f6glicht uns, ein nachhaltiges Ergebnis zu erzielen.\u201c<\/span><\/p>\n<p class=\"p1\"><span class=\"s1\">Dies geht einher mit der Frage, wie wir den Erfolg messen k\u00f6nnen? Die Kriterien, wie wir hierf\u00fcr anlegen, sind einfach, wie pr\u00e4zise.<\/span><\/p>\n<\/div><\/section><\/p><\/div>\n<div  class='hr av-703pe-258000b2a9c938b9114a3e9bf49dc519 hr-default  avia-builder-el-16  el_after_av_two_third  el_before_av_one_fifth '><span class='hr-inner '><span class=\"hr-inner-style\"><\/span><\/span><\/div>\n\n<style type=\"text\/css\" data-created_by=\"avia_inline_auto\" id=\"style-css-av-6apte-3613ba651ecd7416c7d20c3ec90b1cf8\">\n.avia_transform .flex_column.av-6apte-3613ba651ecd7416c7d20c3ec90b1cf8{\nanimation-duration:1.5s;\n}\n<\/style>\n<div  class='flex_column av-6apte-3613ba651ecd7416c7d20c3ec90b1cf8 av_one_fifth  avia-builder-el-17  el_after_av_hr  el_before_av_two_third  first flex_column_div av-animated-generic left-to-right  '     ><\/div>\n\n<style type=\"text\/css\" data-created_by=\"avia_inline_auto\" id=\"style-css-av-5uq4e-121ce38032364de7c7c6bdf98424ccfa\">\n.avia_transform .flex_column.av-5uq4e-121ce38032364de7c7c6bdf98424ccfa{\nanimation-duration:1.5s;\n}\n<\/style>\n<div  class='flex_column av-5uq4e-121ce38032364de7c7c6bdf98424ccfa av_two_third  avia-builder-el-18  el_after_av_one_fifth  el_before_av_one_fifth  flex_column_div av-animated-generic left-to-right  '     ><section  class='av_textblock_section av-lemm35m9-6b544dceea5acbd734c3a34cfcf5627c '   itemscope=\"itemscope\" itemtype=\"https:\/\/schema.org\/CreativeWork\" ><div class='avia_textblock'  itemprop=\"text\" ><h2>Unsere BIG 5<\/h2>\n<\/div><\/section><br \/>\n\n<style type=\"text\/css\" data-created_by=\"avia_inline_auto\" id=\"style-css-av-4yazq-8f5705352c7e208315e3b793da272462\">\n#top .hr.av-4yazq-8f5705352c7e208315e3b793da272462{\nmargin-top:30px;\nmargin-bottom:30px;\n}\n.hr.av-4yazq-8f5705352c7e208315e3b793da272462 .hr-inner{\nwidth:250px;\nborder-color:#67a800;\n}\n<\/style>\n<div  class='hr av-4yazq-8f5705352c7e208315e3b793da272462 hr-custom  avia-builder-el-20  el_after_av_textblock  el_before_av_iconlist  hr-left hr-icon-no'><span class='hr-inner inner-border-av-border-fat'><span class=\"hr-inner-style\"><\/span><\/span><\/div><br \/>\n\n<style type=\"text\/css\" data-created_by=\"avia_inline_auto\" id=\"style-css-av-lemm4tz9-c012b64b42876eb8988e0997cb46a7a4\">\n#top .avia-icon-list-container.av-lemm4tz9-c012b64b42876eb8988e0997cb46a7a4 .iconlist_icon{\nbackground-color:#67a800;\n}\n<\/style>\n<div  class='avia-icon-list-container av-lemm4tz9-c012b64b42876eb8988e0997cb46a7a4  avia-builder-el-21  el_after_av_hr  avia-builder-el-last '><ul class='avia-icon-list avia_animate_when_almost_visible avia-icon-list-left av-iconlist-big av-lemm4tz9-c012b64b42876eb8988e0997cb46a7a4 avia-iconlist-animate'>\n<li><div class='iconlist_icon av-lemm46lz-ebc2ec9beb560c46971233ca93ed1621 avia-font-entypo-fontello avia-iconfont avia-font-entypo-fontello'><span class='av-icon-char' data-av_icon='\ue812' data-av_iconfont='entypo-fontello' aria-hidden=\"true\"><\/span><\/div><article class=\"article-icon-entry av-iconlist-empty\"  itemscope=\"itemscope\" itemtype=\"https:\/\/schema.org\/CreativeWork\" ><div class=\"iconlist_content_wrap\"><header class=\"entry-content-header\" aria-label=\"Icon: Ganzheitliche Betreuung (alles aus einer Hand)\"><h4 class='av_iconlist_title iconlist_title  '  itemprop=\"headline\" >Ganzheitliche Betreuung (alles aus einer Hand)<\/h4><\/header><div class='iconlist_content '  itemprop=\"text\" ><\/div><\/div><footer class=\"entry-footer\"><\/footer><\/article><div class=\"iconlist-timeline\"><\/div><\/li>\n<li><div class='iconlist_icon av-lemm46lz-27-ec515adf8135690a53c779b39e67c62f avia-font-entypo-fontello avia-iconfont avia-font-entypo-fontello'><span class='av-icon-char' data-av_icon='\ue812' data-av_iconfont='entypo-fontello' aria-hidden=\"true\"><\/span><\/div><article class=\"article-icon-entry av-iconlist-empty\"  itemscope=\"itemscope\" itemtype=\"https:\/\/schema.org\/CreativeWork\" ><div class=\"iconlist_content_wrap\"><header class=\"entry-content-header\" aria-label=\"Icon: Funktionierende zwischenmenschliche Kommunikation\"><h4 class='av_iconlist_title iconlist_title  '  itemprop=\"headline\" >Funktionierende zwischenmenschliche Kommunikation<\/h4><\/header><div class='iconlist_content '  itemprop=\"text\" ><\/div><\/div><footer class=\"entry-footer\"><\/footer><\/article><div class=\"iconlist-timeline\"><\/div><\/li>\n<li><div class='iconlist_icon av-lemm46lz-26-efca4844a85cdd7047594a69b0911186 avia-font-entypo-fontello avia-iconfont avia-font-entypo-fontello'><span class='av-icon-char' data-av_icon='\ue812' data-av_iconfont='entypo-fontello' aria-hidden=\"true\"><\/span><\/div><article class=\"article-icon-entry av-iconlist-empty\"  itemscope=\"itemscope\" itemtype=\"https:\/\/schema.org\/CreativeWork\" ><div class=\"iconlist_content_wrap\"><header class=\"entry-content-header\" aria-label=\"Icon: Pers\u00f6nliche Erreichbarkeit\"><h4 class='av_iconlist_title iconlist_title  '  itemprop=\"headline\" >Pers\u00f6nliche Erreichbarkeit<\/h4><\/header><div class='iconlist_content '  itemprop=\"text\" ><\/div><\/div><footer class=\"entry-footer\"><\/footer><\/article><div class=\"iconlist-timeline\"><\/div><\/li>\n<li><div class='iconlist_icon av-lemm46lz-25-f19a1ca8b806c9636dfc11246076b342 avia-font-entypo-fontello avia-iconfont avia-font-entypo-fontello'><span class='av-icon-char' data-av_icon='\ue812' data-av_iconfont='entypo-fontello' aria-hidden=\"true\"><\/span><\/div><article class=\"article-icon-entry av-iconlist-empty\"  itemscope=\"itemscope\" itemtype=\"https:\/\/schema.org\/CreativeWork\" ><div class=\"iconlist_content_wrap\"><header class=\"entry-content-header\" aria-label=\"Icon: Termingerechter und disziplinierter Projektabschluss\"><h4 class='av_iconlist_title iconlist_title  '  itemprop=\"headline\" >Termingerechter und disziplinierter Projektabschluss<\/h4><\/header><div class='iconlist_content '  itemprop=\"text\" ><\/div><\/div><footer class=\"entry-footer\"><\/footer><\/article><div class=\"iconlist-timeline\"><\/div><\/li>\n<li><div class='iconlist_icon av-lemm46lz-24-6bbe196c9201bf343d7968a083f7bcea avia-font-entypo-fontello avia-iconfont avia-font-entypo-fontello'><span class='av-icon-char' data-av_icon='\ue812' data-av_iconfont='entypo-fontello' aria-hidden=\"true\"><\/span><\/div><article class=\"article-icon-entry av-iconlist-empty\"  itemscope=\"itemscope\" itemtype=\"https:\/\/schema.org\/CreativeWork\" ><div class=\"iconlist_content_wrap\"><header class=\"entry-content-header\" aria-label=\"Icon: Umsetzung aller gewu\u0308nschten Funktionen\"><h4 class='av_iconlist_title iconlist_title  '  itemprop=\"headline\" >Umsetzung aller gewu\u0308nschten Funktionen<\/h4><\/header><div class='iconlist_content '  itemprop=\"text\" ><\/div><\/div><footer class=\"entry-footer\"><\/footer><\/article><div class=\"iconlist-timeline\"><\/div><\/li>\n<\/ul><\/div><\/p><\/div>\n\n<style type=\"text\/css\" data-created_by=\"avia_inline_auto\" id=\"style-css-av-3ecve-1b6cd565a641ad872d59aaa735f698fe\">\n.avia_transform .flex_column.av-3ecve-1b6cd565a641ad872d59aaa735f698fe{\nanimation-duration:1.5s;\n}\n<\/style>\n<div  class='flex_column av-3ecve-1b6cd565a641ad872d59aaa735f698fe av_one_fifth  avia-builder-el-22  el_after_av_two_third  el_before_av_one_third  first flex_column_div av-animated-generic left-to-right  column-top-margin'     ><\/div>\n\n<style type=\"text\/css\" data-created_by=\"avia_inline_auto\" id=\"style-css-av-2vvqy-ede135c23572b8c0051f09a5c5c4952c\">\n.flex_column.av-2vvqy-ede135c23572b8c0051f09a5c5c4952c{\nborder-width:1px;\nborder-color:#67a800;\nborder-style:solid;\nborder-radius:10px 10px 10px 10px;\npadding:25px 25px 25px 25px;\nbackground-color:rgba(144,168,117,0.28);\n}\n.avia_transform .flex_column.av-2vvqy-ede135c23572b8c0051f09a5c5c4952c{\nanimation-duration:1.5s;\n}\n<\/style>\n<div  class='flex_column av-2vvqy-ede135c23572b8c0051f09a5c5c4952c av_one_third  avia-builder-el-23  el_after_av_one_fifth  el_before_av_one_third  flex_column_div av-animated-generic left-to-right  column-top-margin'     ><section  class='av_textblock_section av-25yye-bf34cd6bacff9496d07ebd5be74d73b5 '   itemscope=\"itemscope\" itemtype=\"https:\/\/schema.org\/CreativeWork\" ><div class='avia_textblock'  itemprop=\"text\" ><h3 class=\"p1\" style=\"text-align: center;\"><strong>ELEKTROTECHNIK<\/strong><\/h3>\n<\/div><\/section><br \/>\n\n<style type=\"text\/css\" data-created_by=\"avia_inline_auto\" id=\"style-css-av-1cmju-a2a8e4f4e7faf639be164da772c7be8c\">\n.avia-image-container.av-1cmju-a2a8e4f4e7faf639be164da772c7be8c img.avia_image{\nbox-shadow:none;\n}\n.avia-image-container.av-1cmju-a2a8e4f4e7faf639be164da772c7be8c .av-image-caption-overlay-center{\ncolor:#ffffff;\n}\n<\/style>\n<div  class='avia-image-container av-1cmju-a2a8e4f4e7faf639be164da772c7be8c av-styling- avia-align-center  avia-builder-el-25  el_after_av_textblock  el_before_av_button '   itemprop=\"image\" itemscope=\"itemscope\" itemtype=\"https:\/\/schema.org\/ImageObject\" ><div class=\"avia-image-container-inner\"><div class=\"avia-image-overlay-wrap\"><img decoding=\"async\" fetchpriority=\"high\" class='wp-image-632 avia-img-lazy-loading-not-632 avia_image ' src=\"https:\/\/i0.wp.com\/www.tronikdsign.de\/wp-content\/uploads\/2023\/05\/Elektrotechnik.jpg?fit=600%2C400&ssl=1\" alt='' title='Elektrotechnik'  height=\"400\" width=\"600\"  itemprop=\"thumbnailUrl\" srcset=\"https:\/\/i0.wp.com\/www.tronikdsign.de\/wp-content\/uploads\/2023\/05\/Elektrotechnik.jpg?w=600&amp;ssl=1 600w, https:\/\/i0.wp.com\/www.tronikdsign.de\/wp-content\/uploads\/2023\/05\/Elektrotechnik.jpg?resize=300%2C200&amp;ssl=1 300w\" sizes=\"(max-width: 600px) 100vw, 600px\" \/><\/div><\/div><\/div><br \/>\n<div  class='avia-button-wrap av-lemracg7-1dfabfd12fbcb9a8b37f4a31509e60eb-wrap avia-button-center  avia-builder-el-26  el_after_av_image  avia-builder-el-last '><a href='https:\/\/www.tronikdsign.de\/?page_id=221'  class='avia-button av-lemracg7-1dfabfd12fbcb9a8b37f4a31509e60eb av-link-btn avia-icon_select-yes-left-icon avia-size-large avia-position-center avia-color-theme-color'   aria-label=\"Mehr erfahren\"><span class='avia_button_icon avia_button_icon_left avia-iconfont avia-font-entypo-fontello' data-av_icon='\ue832' data-av_iconfont='entypo-fontello' ><\/span><span class='avia_iconbox_title' >Mehr erfahren<\/span><\/a><\/div><\/p><\/div>\n\n<style type=\"text\/css\" data-created_by=\"avia_inline_auto\" id=\"style-css-av-1b2ua-c86d0873240699c33efcfd18480081f4\">\n.flex_column.av-1b2ua-c86d0873240699c33efcfd18480081f4{\nborder-width:1px;\nborder-color:#67a800;\nborder-style:solid;\nborder-radius:10px 10px 10px 10px;\npadding:25px 25px 25px 25px;\nbackground-color:rgba(144,168,117,0.28);\n}\n.avia_transform .flex_column.av-1b2ua-c86d0873240699c33efcfd18480081f4{\nanimation-duration:1.5s;\n}\n<\/style>\n<div  class='flex_column av-1b2ua-c86d0873240699c33efcfd18480081f4 av_one_third  avia-builder-el-27  el_after_av_one_third  el_before_av_hr  flex_column_div av-animated-generic left-to-right  column-top-margin'     ><section  class='av_textblock_section av-lemrb544-635deb7945dca6aa218f1e7046f954c9 '   itemscope=\"itemscope\" itemtype=\"https:\/\/schema.org\/CreativeWork\" ><div class='avia_textblock'  itemprop=\"text\" ><h3 class=\"p1\" style=\"text-align: center;\"><strong>MEDIENTECHNIK<\/strong><\/h3>\n<\/div><\/section><br \/>\n\n<style type=\"text\/css\" data-created_by=\"avia_inline_auto\" id=\"style-css-av-vtx6-1563f22243589dd496dc6997d332fb5f\">\n.avia-image-container.av-vtx6-1563f22243589dd496dc6997d332fb5f img.avia_image{\nbox-shadow:none;\n}\n.avia-image-container.av-vtx6-1563f22243589dd496dc6997d332fb5f .av-image-caption-overlay-center{\ncolor:#ffffff;\n}\n<\/style>\n<div  class='avia-image-container av-vtx6-1563f22243589dd496dc6997d332fb5f av-styling- avia-align-center  avia-builder-el-29  el_after_av_textblock  el_before_av_button '   itemprop=\"image\" itemscope=\"itemscope\" itemtype=\"https:\/\/schema.org\/ImageObject\" ><div class=\"avia-image-container-inner\"><div class=\"avia-image-overlay-wrap\"><img decoding=\"async\" fetchpriority=\"high\" class='wp-image-661 avia-img-lazy-loading-not-661 avia_image ' src=\"https:\/\/i0.wp.com\/www.tronikdsign.de\/wp-content\/uploads\/2023\/05\/Medientechnik.jpg?fit=600%2C400&ssl=1\" alt='' title='Medientechnik'  height=\"400\" width=\"600\"  itemprop=\"thumbnailUrl\" srcset=\"https:\/\/i0.wp.com\/www.tronikdsign.de\/wp-content\/uploads\/2023\/05\/Medientechnik.jpg?w=600&amp;ssl=1 600w, https:\/\/i0.wp.com\/www.tronikdsign.de\/wp-content\/uploads\/2023\/05\/Medientechnik.jpg?resize=300%2C200&amp;ssl=1 300w\" sizes=\"(max-width: 600px) 100vw, 600px\" \/><\/div><\/div><\/div><br \/>\n<div  class='avia-button-wrap av-lemrbfcz-589656df4647a26448fb1436e80fd1a6-wrap avia-button-center  avia-builder-el-30  el_after_av_image  avia-builder-el-last '><a href='https:\/\/www.tronikdsign.de\/?page_id=223'  class='avia-button av-lemrbfcz-589656df4647a26448fb1436e80fd1a6 av-link-btn avia-icon_select-yes-left-icon avia-size-large avia-position-center avia-color-theme-color'   aria-label=\"Mehr erfahren\"><span class='avia_button_icon avia_button_icon_left avia-iconfont avia-font-entypo-fontello' data-av_icon='\ue832' data-av_iconfont='entypo-fontello' ><\/span><span class='avia_iconbox_title' >Mehr erfahren<\/span><\/a><\/div><\/p><\/div>\n\n<style type=\"text\/css\" data-created_by=\"avia_inline_auto\" id=\"style-css-av-q27e-005d6c78ed8fb3377b76c09ee5f4d03b\">\n#top .hr.hr-invisible.av-q27e-005d6c78ed8fb3377b76c09ee5f4d03b{\nheight:50px;\n}\n<\/style>\n<div  class='hr av-q27e-005d6c78ed8fb3377b76c09ee5f4d03b hr-invisible  avia-builder-el-31  el_after_av_one_third  avia-builder-el-last '><span class='hr-inner '><span class=\"hr-inner-style\"><\/span><\/span><\/div>\n","protected":false},"excerpt":{"rendered":"","protected":false},"author":2,"featured_media":0,"parent":0,"menu_order":0,"comment_status":"closed","ping_status":"closed","template":"","meta":{"footnotes":""},"class_list":["post-14","page","type-page","status-publish","hentry"],"jetpack_sharing_enabled":true,"_links":{"self":[{"href":"https:\/\/www.tronikdsign.de\/index.php?rest_route=\/wp\/v2\/pages\/14","targetHints":{"allow":["GET"]}}],"collection":[{"href":"https:\/\/www.tronikdsign.de\/index.php?rest_route=\/wp\/v2\/pages"}],"about":[{"href":"https:\/\/www.tronikdsign.de\/index.php?rest_route=\/wp\/v2\/types\/page"}],"author":[{"embeddable":true,"href":"https:\/\/www.tronikdsign.de\/index.php?rest_route=\/wp\/v2\/users\/2"}],"replies":[{"embeddable":true,"href":"https:\/\/www.tronikdsign.de\/index.php?rest_route=%2Fwp%2Fv2%2Fcomments&post=14"}],"version-history":[{"count":132,"href":"https:\/\/www.tronikdsign.de\/index.php?rest_route=\/wp\/v2\/pages\/14\/revisions"}],"predecessor-version":[{"id":699,"href":"https:\/\/www.tronikdsign.de\/index.php?rest_route=\/wp\/v2\/pages\/14\/revisions\/699"}],"wp:attachment":[{"href":"https:\/\/www.tronikdsign.de\/index.php?rest_route=%2Fwp%2Fv2%2Fmedia&parent=14"}],"curies":[{"name":"wp","href":"https:\/\/api.w.org\/{rel}","templated":true}]}}